{"id":6583,"date":"2025-02-03T18:49:13","date_gmt":"2025-02-03T21:49:13","guid":{"rendered":"https:\/\/www.gasescombustiveis.com.br\/premioglp\/?page_id=6583"},"modified":"2025-02-07T10:25:44","modified_gmt":"2025-02-07T13:25:44","slug":"download-cases-premiados-2024","status":"publish","type":"page","link":"https:\/\/www.gasescombustiveis.com.br\/premioglp\/?page_id=6583","title":{"rendered":"Download Cases Premiados 2024"},"content":{"rendered":"<p><strong>APLICA\u00c7\u00d5ES DO GLP<\/strong><\/p>\n<ul>\n<li><strong>OURO<\/strong>\n<ul>\n<li><a href=\"https:\/\/www.gasescombustiveis.com.br\/premioglp\/wp-content\/uploads\/Utilizacao-do-GLP-para-a-simulacao-de-combustivel-siderurgico.pdf\">UTILIZA\u00c7\u00c3O DO GLP PARA SIMULA\u00c7\u00c3O DE COMBUST\u00cdVEL SIDER\u00daRGICO<\/a><\/li>\n<\/ul>\n<\/li>\n<li><strong>PRATA<\/strong>\n<ul>\n<li><a href=\"https:\/\/www.gasescombustiveis.com.br\/premioglp\/wp-content\/uploads\/MIXER-DE-GLP-PARA-GNS.pdf\">MIXER DE GLP PARA GNS <\/a><\/li>\n<li><a href=\"https:\/\/www.gasescombustiveis.com.br\/premioglp\/wp-content\/uploads\/RECUPERACAO-DE-CALOR-EM-GERADORES-DE-GLP.pdf\">RECUPERA\u00c7\u00c3O DE CALOR EM GERADORES DE GLP <\/a><\/li>\n<\/ul>\n<\/li>\n<li><strong>BRONZE<\/strong>\n<ul>\n<li><a href=\"https:\/\/www.gasescombustiveis.com.br\/premioglp\/wp-content\/uploads\/APLICACAO-DO-GAS-LIQUEFEITO-DE-PETROLEO-COMO-RECURSO-ENERGETICO-NA-PRODUCAO-DE-PEIXES.pdf\">APLICA\u00c7\u00c3O DO G\u00c1S LIQUEFEITO DE PETR\u00d3LEO (GLP) COMO RECURSO ENERG\u00c9TICO NA PRODU\u00c7\u00c3O DE PEIXES <\/a><\/li>\n<li><a href=\"https:\/\/www.gasescombustiveis.com.br\/premioglp\/wp-content\/uploads\/ANALISE-DA-EFICIENCIA-ENERGETICA-E-DA-ECONOMICIDADE-DO-USO-DE-GRUPO-MOTOR-GERADOR.pdf\">AN\u00c1LISE DA EFICI\u00caNCIA ENERG\u00c9TICA E DA ECONOMICIDADE DO USO DE GRUPO MOTOR GERADOR UTILIZANDO GLP OPERANDO EM DIFERENTES APLICA\u00c7\u00d5ES<\/a><\/li>\n<\/ul>\n<\/li>\n<\/ul>\n<p><strong>GEST\u00c3O<\/strong><\/p>\n<ul>\n<li><strong>OURO<\/strong>\n<ul>\n<li><a href=\"https:\/\/www.gasescombustiveis.com.br\/premioglp\/wp-content\/uploads\/INOVACOES-NA-COMUNICACAO-DE-PROJETOS-EM-BASES-DE-GLP.pdf\">INOVA\u00c7\u00d5ES NA COMUNICA\u00c7\u00c3O DE PROJETOS EM BASES DE GLP: PROTOTIPAGEM 3D, V\u00cdDEOS COMPUTACIONAIS E PLACAS INFORMATIVAS<\/a><\/li>\n<li><a href=\"https:\/\/www.gasescombustiveis.com.br\/premioglp\/wp-content\/uploads\/SISTEMA-DE-GESTAO-DE-PORTFOLIO-COM-INTELIGENCIA-ARTIFICIAL.pdf\">SISTEMA DE GEST\u00c3O DE PORTFOLIO COM INTELIG\u00caNCIA ARTIFICIAL E INTELIG\u00caNCIA DE DADOS<\/a><\/li>\n<\/ul>\n<\/li>\n<li><strong>PRATA<\/strong>\n<ul>\n<li><a href=\"https:\/\/www.gasescombustiveis.com.br\/premioglp\/wp-content\/uploads\/Capacitando-Criancas-como-Pequenos-Guardioes-do-Transito.pdf\">EDUCA\u00c7\u00c3O PARA O TR\u00c2NSITO: CAPACITANDO CRIAN\u00c7AS COMO PEQUENOS GUARDI\u00d5ES PARA UM FUTURO SEGURO <\/a><\/li>\n<li><a href=\"https:\/\/www.gasescombustiveis.com.br\/premioglp\/wp-content\/uploads\/Valorizacao-das-Mulheres-No-Setor-de-GLP.pdf\">VALORIZA\u00c7\u00c3O DA MULHER NO SETOR DE GLP: O PAPEL DA CONSIGAZ NAS INICIATIVAS DE EMPODERAMENTO FEMININO<\/a><\/li>\n<\/ul>\n<\/li>\n<li><strong>BRONZE<\/strong>\n<ul>\n<li><a href=\"https:\/\/www.gasescombustiveis.com.br\/premioglp\/wp-content\/uploads\/Desenvolvimento-do-UGPT_Uma-Abordagem-Inovadora-para-a-Consulta-de-Normas-de-Engenharia-na-Ultragaz.pdf\">DESENVOLVIMENTO DO UGPT: UMA ABORDAGEM INOVADORA PARA A CONSULTA DE NORMAS DE ENGENHARIA NA ULTRAGAZ <\/a><\/li>\n<li><a href=\"https:\/\/www.gasescombustiveis.com.br\/premioglp\/wp-content\/uploads\/APLICACAO-DA-LEI-DO-BEM-PARA-ALAVANCAGEM-DA-INOVACAO-NO-SETOR-DO-GLP.pdf\">APLICA\u00c7\u00c3O DA LEI DO BEM PARA ALAVANCAGEM DA INOVA\u00c7\u00c3O NO SETOR DO GLP <\/a><\/li>\n<\/ul>\n<\/li>\n<\/ul>\n<p><strong>PRODU\u00c7\u00c3O<\/strong><\/p>\n<ul>\n<li><strong>OURO<\/strong>\n<ul>\n<li><a href=\"https:\/\/www.gasescombustiveis.com.br\/premioglp\/wp-content\/uploads\/Melhoria-processo-de-Pressurizacao-de-recipientes-P45.pdf\">MELHORIA PROCESSO DE PRESSURIZA\u00c7\u00c3O DE RECIPIENTES P 45 <\/a><\/li>\n<li><a href=\"https:\/\/www.gasescombustiveis.com.br\/premioglp\/wp-content\/uploads\/Feramenta-Eletronica-de-Aperto-para-Recuperacao-de-Valvulas-2024-P.pdf\">FERRAMENTA ELETRONICA AUTOM\u00c1TICA PARA APERTO DE COMPONENTE NA RECUPERA\u00c7\u00c3O DE V\u00c1LVULAS <\/a><\/li>\n<\/ul>\n<\/li>\n<li><strong>PRATA<\/strong>\n<ul>\n<li><a href=\"https:\/\/www.gasescombustiveis.com.br\/premioglp\/wp-content\/uploads\/VALVULA-P-13-DUPLA-VEDACAO-2.pdf\">V\u00c1LVULA P-13 DUPLA VEDA\u00c7\u00c3O <\/a><\/li>\n<li><a href=\"https:\/\/www.gasescombustiveis.com.br\/premioglp\/wp-content\/uploads\/Equipamentos-para-Pintura.pdf\">EQUIPAMENTOS PARA PINTURA <\/a><\/li>\n<\/ul>\n<\/li>\n<li><strong>BRONZE<\/strong>\n<ul>\n<li><a href=\"https:\/\/www.gasescombustiveis.com.br\/premioglp\/wp-content\/uploads\/FUNDO-PREPARADOR-HOROS-PARA-SISTEMA.pdf\">FUNDO PREPARADOR HOROS PARA SISTEMA DE PINTURA EM ALTA CURA <\/a><\/li>\n<li><a href=\"https:\/\/www.gasescombustiveis.com.br\/premioglp\/wp-content\/uploads\/Sistema-Supervisorio-Avancado-em-Linhas-de-Envase-de-GLP.pdf\">SISTEMA SUPERVIS\u00d3RIO AVAN\u00c7ADO EM LINHAS DE ENVASE DE GLP<\/a><\/li>\n<\/ul>\n<\/li>\n<\/ul>\n<p><strong>PROJETOS DE INSTALA\u00c7\u00d5ES<\/strong><\/p>\n<ul>\n<li><strong>OURO<\/strong>\n<ul>\n<li><a href=\"https:\/\/www.gasescombustiveis.com.br\/premioglp\/wp-content\/uploads\/PROJETISTA-DE-GAS.pdf\">PROJETISTA DE G\u00c1S <\/a><\/li>\n<li><a href=\"https:\/\/www.gasescombustiveis.com.br\/premioglp\/wp-content\/uploads\/GEMEO-DIGITAL-APLICADO-A-FILIAIS-DA-NACIONAL-GAS-DISTRIBUIDORA.pdf\">G\u00caMEO DIGITAL APLICADO A FILIAIS DA NACIONAL G\u00c1S DISTRIBUIDORA<\/a><\/li>\n<\/ul>\n<\/li>\n<li><strong>PRATA<\/strong>\n<ul>\n<li><a href=\"https:\/\/www.gasescombustiveis.com.br\/premioglp\/wp-content\/uploads\/SISTEMA-ANTI-LIQUIDO-S.A.L-PARA-CENTRAIS-DE-GLP-PARA-RECIPIENTES-TRANSPORTAVEIS.pdf\">SISTEMA ANTI L\u00cdQUIDO (S.A.L.) PARA CENTRAIS DE GLP PARA RECIPIENTES TRANSPORT\u00c1VEIS<\/a><\/li>\n<li><a href=\"https:\/\/www.gasescombustiveis.com.br\/premioglp\/wp-content\/uploads\/Dispositivo-IoT-para-deteccao-de-monoxido-de-carbono-CO.pdf\">DISPOSITIVO IOT PARA DETEC\u00c7\u00c3O DE MON\u00d3XIDO DE CARBONO (CO) E TEMPERATURA NO AMBIENTE DE COC\u00c7\u00c3O COM USO DE GLP OU GN <\/a><\/li>\n<\/ul>\n<\/li>\n<li><strong>BRONZE<\/strong>\n<ul>\n<li><a href=\"https:\/\/www.gasescombustiveis.com.br\/premioglp\/wp-content\/uploads\/PADRONIZACAO-DE-ESTACOES-DE-REDUCAO-DE-PRESSAO.pdf\">PADRONIZA\u00c7\u00c3O DE ESTA\u00c7\u00d5ES DE REDU\u00c7\u00c3O DE PRESS\u00c3O <\/a><\/li>\n<li><a href=\"https:\/\/www.gasescombustiveis.com.br\/premioglp\/wp-content\/uploads\/REGULADOR-DE-PRESSAO-PARA-GAS-DE-SEGUNDO-ESTAGIO-BAIXA-PRESSAO-COM-SISTEMA-INTERNO-DE-BLOQUEIO-MECANICO.pdf\">REGULADOR DE PRESS\u00c3O PARA G\u00c1S DE SEGUNDO BAIXA PRESS\u00c3O COM SISTEMA INTERNO DE BLOQUEIO MEC\u00c2NICO \u2013 SOLU\u00c7\u00c3O CONTA SIM (SISTEMA INDIVIDUAL DE MEDI\u00c7\u00c3O)<\/a><\/li>\n<\/ul>\n<\/li>\n<\/ul>\n<p><strong>INFRAESTRUTURA<\/strong><\/p>\n<ul>\n<li><strong>OURO<\/strong>\n<ul>\n<li><a href=\"https:\/\/www.gasescombustiveis.com.br\/premioglp\/wp-content\/uploads\/APLICACAO-DE-REVESTIMENTO-EPOXI-ESPATULADO-NO-PISO-DAS-PLATAFORMAS-DE-ENVASE-DE-GLP.pdf\">APLICA\u00c7\u00c3O DE REVESTIMENTO EPOXI ESPATULADO NO PISO DAS PLATAFORMAS DE ENVASE DE GLP <\/a><\/li>\n<li><a href=\"https:\/\/www.gasescombustiveis.com.br\/premioglp\/wp-content\/uploads\/REGULADOR-DE-PRIMEIRO-ESTAGIO-COM-COMUTACAO-AUTOMATICA-DE-BATERIA-INVERSOR-AUTOMATICO.pdf\">REGULADOR DE PRIMEIRO EST\u00c1GIO COM COMUTA\u00c7\u00c3O AUTOM\u00c1TICA DE BATERIA (INVERSOR AUTOM\u00c1TICO)<\/a><\/li>\n<\/ul>\n<\/li>\n<li><strong>PRATA<\/strong>\n<ul>\n<li><a href=\"https:\/\/www.gasescombustiveis.com.br\/premioglp\/wp-content\/uploads\/A-Transformacao-Digital-Atraves-de-Telemetria-e-Medicao-Remota.pdf\">A TRANSFORMA\u00c7\u00c3O DIGITAL ATRAV\u00c9S DE TELEMETRIA E MEDI\u00c7\u00c3O REMOTA <\/a><\/li>\n<\/ul>\n<\/li>\n<li><strong>BRONZE<\/strong>\n<ul>\n<li><a href=\"https:\/\/www.gasescombustiveis.com.br\/premioglp\/wp-content\/uploads\/Redutor-atrito-entre-mangueira-GLP-e-gabinete-Bobtail.pdf\">REDUTOR ATRITO ENTRE MANGUEIRA GLP E GABINETE BOBTAIL <\/a><\/li>\n<\/ul>\n<\/li>\n<\/ul>\n<p><strong>LOG\u00cdSTICA<\/strong><\/p>\n<ul>\n<li><strong>OURO<\/strong><\/li>\n<li><strong>PRATA<\/strong>\n<ul>\n<li><a href=\"https:\/\/www.gasescombustiveis.com.br\/premioglp\/wp-content\/uploads\/Cavalete-de-Apoio-para-Carretas-P-13.pdf\">CAVALETE DE APOIO PARA CARRETAS P-13 <\/a><\/li>\n<\/ul>\n<\/li>\n<li><strong>BRONZE<\/strong>\n<ul>\n<li><a href=\"https:\/\/www.gasescombustiveis.com.br\/premioglp\/wp-content\/uploads\/Reducao-Consumo-Diesel.pdf\">REDU\u00c7\u00c3O CONSUMO DE DIESEL <\/a><\/li>\n<\/ul>\n<\/li>\n<\/ul>\n<p><strong>SA\u00daDE<\/strong><\/p>\n<ul>\n<li><strong>OURO<\/strong>\n<ul>\n<li><a href=\"https:\/\/www.gasescombustiveis.com.br\/premioglp\/wp-content\/uploads\/Implementacao-de-carrinhos-de-producao-padronizados-nas-Bases-de-Producao-da-Ultragaz.pdf\">IMPLEMENTA\u00c7\u00c3O DE CARRINHOS DE PRODU\u00c7\u00c3O PADRONIZADOS NAS BASES DE PRODU\u00c7\u00c3O DA ULTRAGAZ<\/a><\/li>\n<\/ul>\n<\/li>\n<li><strong>PRATA<\/strong>\n<ul>\n<li><a href=\"https:\/\/www.gasescombustiveis.com.br\/premioglp\/wp-content\/uploads\/ACESSO-A-ENERGIA-LIMPA-REDUZ-DESIGUALDADES.pdf\">ACESSO \u00c0 ENERGIA LIMPA REDUZ DESIGUALDADES<\/a><\/li>\n<\/ul>\n<\/li>\n<\/ul>\n<p><strong>SEGURAN\u00c7A<\/strong><\/p>\n<ul>\n<li><strong>OURO<\/strong>\n<ul>\n<li><a href=\"https:\/\/www.gasescombustiveis.com.br\/premioglp\/wp-content\/uploads\/Implementacao-de-Cameras-a-Prova-de-Explosao-com-Inteligencia-Embarcada.pdf\">IMPLEMENTA\u00c7\u00c3O DE C\u00c2MERAS \u00c0 PROVA DE EXPLOS\u00c3O COM INTELIG\u00caNCIA EMBARCADA NA PLATAFORMA DE ENVASE DE GLP DA ULTRAGAZ <\/a><\/li>\n<li><a href=\"https:\/\/www.gasescombustiveis.com.br\/premioglp\/wp-content\/uploads\/SISTEMA-DE-INTERRUPCAO-DE-EMERGENCIA-POR-CHAMADA-SIEC.pdf\">SISTEMA DE INTERRUP\u00c7\u00c3O DE EMERG\u00caNCIA POR CHAMADA (SIEC) PARA CAMINH\u00d5ES DE TRANSPORTE A GRANEL DE GLP <\/a><\/li>\n<\/ul>\n<\/li>\n<li><strong>PRATA<\/strong>\n<ul>\n<li><a href=\"https:\/\/www.gasescombustiveis.com.br\/premioglp\/wp-content\/uploads\/SISTEMA-DE-MONITORAMENTO-REMOTO-DO-FUNCIONAMENTO-DO-SISTEMA-DE-COMBATE.pdf\">SISTEMA DE MONITORAMENTO REMOTO DO FUNCIONAMENTO DO SISTEMA DE COMBATE A INC\u00caNDIO DE UMA BASE ENGARRAFADORA DE GLP <\/a><\/li>\n<li><a href=\"https:\/\/www.gasescombustiveis.com.br\/premioglp\/wp-content\/uploads\/SISTEMA-DE-EMERGENCIA-POR-CHAMADA-SEC-PARA-BASES-OPERACIONAIS-DE-ARMAZENAMENTO-E-ENVASE.pdf\">SISTEMA DE EMERG\u00caNCIA POR CHAMADA (SEC) PARA BASES OPERACIONAIS DE ARMAZENAMENTO E ENVASE <\/a><\/li>\n<\/ul>\n<\/li>\n<li><strong>BRONZE<\/strong>\n<ul>\n<li><a href=\"https:\/\/www.gasescombustiveis.com.br\/premioglp\/wp-content\/uploads\/VALVULA-DE-FUNDO-PARA-EQUIPAMENTOS-DE-TRANSPORTE-DE-GLP.pdf\">V\u00c1LVULA DE FUNDO PARA EQUIPAMENTOS DE TRANSPORTE DE GLP <\/a><\/li>\n<li><a href=\"https:\/\/www.gasescombustiveis.com.br\/premioglp\/wp-content\/uploads\/Projeto-de-Reducao-de-Custos.pdf\">PROJETO DE REDU\u00c7\u00c3O DE CUSTOS NA UTILIZA\u00c7\u00c3O DE DISCO DE CORTE E MELHORIA DA SEGURAN\u00c7A NA RETIRADA DE ARO INFERIOR DE RECIPIENTES INDUSTRIAIS <\/a><\/li>\n<\/ul>\n<\/li>\n<\/ul>\n<p><strong>MEIO AMBIENTE<\/strong><\/p>\n<ul>\n<li><strong>OURO<\/strong>\n<ul>\n<li><a href=\"https:\/\/www.gasescombustiveis.com.br\/premioglp\/wp-content\/uploads\/CRIACAO-DE-UMA-CABINE-DE-PINTURA-INDUSTRIAL-COMPACTA-E-ECONOMICA.pdf\">CRIA\u00c7\u00c3O DE UMA CABINE DE PINTURA INDUSTRIAL COMPACTA E ECON\u00d4MICA <\/a><\/li>\n<li><a href=\"https:\/\/www.gasescombustiveis.com.br\/premioglp\/wp-content\/uploads\/POTENCIAL-DE-AQUECIMENTO-GLOBAL-DA-PRODUCAO-DE-GAS-LIQUEFEITO-RENOVAVEL-GLR-ATRAVES-DA-ROTA-HVO-NO-BRASIL.pdf\">POTENCIAL DE AQUECIMENTO GLOBAL DA PRODU\u00c7\u00c3O DE G\u00c1S LIQUEFEITO RENOV\u00c1VEL (GLR) ATRAV\u00c9S DA ROTA HVO NO BRASIL <\/a><\/li>\n<\/ul>\n<\/li>\n<li><strong>PRATA<\/strong>\n<ul>\n<li><a href=\"https:\/\/www.gasescombustiveis.com.br\/premioglp\/wp-content\/uploads\/Avaliacao-Completa-das-Emissoes-de-Gases-de-Efeito-Estufa.pdf\">AVALIA\u00c7\u00c3O COMPLETA DAS EMISS\u00d5ES DE GASES DE EFEITO ESTUFA <\/a><\/li>\n<li><a style=\"background-color: transparent;\" href=\"https:\/\/www.gasescombustiveis.com.br\/premioglp\/wp-content\/uploads\/INICIATIVAS-DE-REDUCAO-DA-PEGADA-DE-CARBONO.pdf\">INICIATIVAS DE REDU\u00c7\u00c3O DA PEGADA DE CARBONO DESCARBONIZA\u00c7\u00c3O ATIVA<\/a><\/li>\n<\/ul>\n<\/li>\n<li><strong>BRONZE<\/strong>\n<ul>\n<li><a href=\"https:\/\/www.gasescombustiveis.com.br\/premioglp\/wp-content\/uploads\/Requalificacao-do-composto-borra-do-processo-de-repintura-de-botijoes.pdf\">REQUALIFICA\u00c7\u00c3O DO COMPOSTO (BORRA) DO PROCESSO DE REPINTURA DE BOTIJ\u00d5ES <\/a><\/li>\n<li><a href=\"https:\/\/www.gasescombustiveis.com.br\/premioglp\/wp-content\/uploads\/Gel-protetivo-para-cabines-de-pintura.pdf\">GEL PROTETIVO PARA CABINES DE PINTURA \u2013 BASE \u00c1GUA<\/a><\/li>\n<\/ul>\n<\/li>\n<\/ul>\n<p><strong>TRANSPORTE<\/strong><\/p>\n<ul>\n<li><strong>OURO<\/strong>\n<ul>\n<li><a href=\"https:\/\/www.gasescombustiveis.com.br\/premioglp\/wp-content\/uploads\/Descricao-tecnica-da-solucao-de-uso-de-IA-para-apoio-as-operacoes-seguras-de-GLP-a-granel.pdf\">DESCRI\u00c7\u00c3O T\u00c9CNICA DA SOLU\u00c7\u00c3O DE USO DE IA PARA APOIO \u00c0S OPERA\u00c7\u00d5ES SEGURAS DE GLP A GRANEL <\/a><\/li>\n<\/ul>\n<\/li>\n<li><strong>PRATA<\/strong>\n<ul>\n<li><a style=\"color: #2ebcfc;\" href=\"https:\/\/www.gasescombustiveis.com.br\/premioglp\/wp-content\/uploads\/SENSOR-ANTI-CAVITACAO-DA-BOMBA-DE-GLP.pdf\">SENSOR ANTI CAVITA\u00c7\u00c3O DA BOMBA DE GLP PARA AUTO-TANQUE BOBTAIL<\/a><\/li>\n<\/ul>\n<\/li>\n<li><strong>BRONZE<\/strong>\n<ul>\n<li><a href=\"https:\/\/www.gasescombustiveis.com.br\/premioglp\/wp-content\/uploads\/Acoplamento-de-PTO-no-Caminhao-EURO-6-Automatizado.pdf\">ACOPLAMENTO DE TOMADA DE FOR\u00c7A NO CAMINH\u00c3O \u2013 EURO 6 AUTOMATIZADO PARA O TRANSPORTE DE GLP A GRANEL <\/a><\/li>\n<\/ul>\n<\/li>\n<\/ul>\n<p><strong>CATEGORIA ESPECIAL<\/strong><\/p>\n<ul>\n<li><strong>OURO<\/strong>\n<ul>\n<li><a href=\"https:\/\/www.gasescombustiveis.com.br\/premioglp\/wp-content\/uploads\/PRODUCAO-E-DISTRIBUICAO-DE-GAS-LIQUEFEITO-RENOVAVEL-NO-BRASIL-TOMADA-DE-DECISOES-POR-MODELOS-DE-OTIMIZACAO.pdf\">PRODU\u00c7\u00c3O E DISTRIBUI\u00c7\u00c3O DE G\u00c1S LIQUEFEITO RENOV\u00c1VEL NO BRASIL: TOMADA DE DECIS\u00d5ES POR MODELOS DE OTIMIZA\u00c7\u00c3O <\/a><\/li>\n<\/ul>\n<\/li>\n<\/ul>\n<p>&nbsp;<\/p>\n<p>&nbsp;<\/p>\n","protected":false},"excerpt":{"rendered":"<p>APLICA\u00c7\u00d5ES DO GLP OURO UTILIZA\u00c7\u00c3O DO GLP PARA SIMULA\u00c7\u00c3O DE COMBUST\u00cdVEL SIDER\u00daRGICO PRATA MIXER DE GLP PARA GNS RECUPERA\u00c7\u00c3O DE CALOR EM GERADORES DE GLP BRONZE APLICA\u00c7\u00c3O DO G\u00c1S LIQUEFEITO DE PETR\u00d3LEO (GLP) COMO RECURSO ENERG\u00c9TICO NA PRODU\u00c7\u00c3O DE PEIXES AN\u00c1LISE DA EFICI\u00caNCIA ENERG\u00c9TICA E DA ECONOMICIDADE DO USO DE GRUPO MOTOR GERADOR UTILIZANDO GLP&hellip; <br \/> <a class=\"read-more\" href=\"https:\/\/www.gasescombustiveis.com.br\/premioglp\/?page_id=6583\">Leia mais<\/a><\/p>\n","protected":false},"author":1,"featured_media":0,"parent":0,"menu_order":0,"comment_status":"closed","ping_status":"closed","template":"","meta":{"footnotes":""},"class_list":["post-6583","page","type-page","status-publish","hentry"],"_links":{"self":[{"href":"https:\/\/www.gasescombustiveis.com.br\/premioglp\/index.php?rest_route=\/wp\/v2\/pages\/6583","targetHints":{"allow":["GET"]}}],"collection":[{"href":"https:\/\/www.gasescombustiveis.com.br\/premioglp\/index.php?rest_route=\/wp\/v2\/pages"}],"about":[{"href":"https:\/\/www.gasescombustiveis.com.br\/premioglp\/index.php?rest_route=\/wp\/v2\/types\/page"}],"author":[{"embeddable":true,"href":"https:\/\/www.gasescombustiveis.com.br\/premioglp\/index.php?rest_route=\/wp\/v2\/users\/1"}],"replies":[{"embeddable":true,"href":"https:\/\/www.gasescombustiveis.com.br\/premioglp\/index.php?rest_route=%2Fwp%2Fv2%2Fcomments&post=6583"}],"version-history":[{"count":7,"href":"https:\/\/www.gasescombustiveis.com.br\/premioglp\/index.php?rest_route=\/wp\/v2\/pages\/6583\/revisions"}],"predecessor-version":[{"id":7376,"href":"https:\/\/www.gasescombustiveis.com.br\/premioglp\/index.php?rest_route=\/wp\/v2\/pages\/6583\/revisions\/7376"}],"wp:attachment":[{"href":"https:\/\/www.gasescombustiveis.com.br\/premioglp\/index.php?rest_route=%2Fwp%2Fv2%2Fmedia&parent=6583"}],"curies":[{"name":"wp","href":"https:\/\/api.w.org\/{rel}","templated":true}]}}