{"id":6484,"date":"2025-02-03T14:50:50","date_gmt":"2025-02-03T17:50:50","guid":{"rendered":"https:\/\/www.gasescombustiveis.com.br\/premioglp\/?page_id=6484"},"modified":"2025-11-06T15:34:03","modified_gmt":"2025-11-06T18:34:03","slug":"cases-premiados-2024","status":"publish","type":"page","link":"https:\/\/www.gasescombustiveis.com.br\/premioglp\/?page_id=6484","title":{"rendered":"Cases Premiados 2024"},"content":{"rendered":"<p><span style=\"color: #000000;\">Aos participantes do\u00a0<strong>Premio GLP de Inova\u00e7\u00e3o e Tecnologia Edi\u00e7\u00e3o 2024<\/strong>, premiados ou n\u00e3o, os mais sinceros agradecimentos do Projeto GLP \u2013 Qualidade Compartilhada pela \u00a0disposi\u00e7\u00e3o de compartilhar as suas experi\u00eancias, colocando \u00e0 disposi\u00e7\u00e3o de toda a \u201cInd\u00fastria do GLP\u201d o fruto do seu trabalho.<\/span><\/p>\n<p><span style=\"color: #000000;\">Contamos com a sua participa\u00e7\u00e3o na Edi\u00e7\u00e3o de 2025 cujo regulamento j\u00e1 se encontra \u00e0 disposi\u00e7\u00e3o.<\/span><\/p>\n<p><span style=\"color: #000000;\">Aproveitamos a oportunidade para parabenizar os autores dos trabalhos premiados, cujos cases j\u00e1 se encontram neste site, dispon\u00edveis para consulta e download.<\/span><\/p>\n<ul>\n<li>Aplica\u00e7\u00f5es do GLP \u2013\u00a0<a href=\"https:\/\/www.gasescombustiveis.com.br\/premioglp\/?p=6487\" rel=\"noopener\">ver premiados<\/a><\/li>\n<li>Gest\u00e3o \u2013\u00a0<a href=\"https:\/\/www.gasescombustiveis.com.br\/premioglp\/?p=6498\">ver premiados<\/a><\/li>\n<li>Produ\u00e7\u00e3o \u2013\u00a0<a href=\"https:\/\/www.gasescombustiveis.com.br\/premioglp\/?p=6508\" rel=\"noopener\">ver premiados<\/a><\/li>\n<li>Projetos de Instala\u00e7\u00f5es \u2013\u00a0<a href=\"https:\/\/www.gasescombustiveis.com.br\/premioglp\/?p=6518\" rel=\"noopener\">ver premiados<\/a><\/li>\n<li>Infraestrutura \u2013 <a href=\"https:\/\/www.gasescombustiveis.com.br\/premioglp\/?p=6528\" rel=\"noopener\">ver premiados<\/a><\/li>\n<li>Log\u00edstica &#8211; <a href=\"https:\/\/www.gasescombustiveis.com.br\/premioglp\/?p=6537\">ver premiados<\/a><\/li>\n<li>Sa\u00fade \u2013 <a href=\"https:\/\/www.gasescombustiveis.com.br\/premioglp\/?p=6546\" rel=\"noopener\">ver premiados<\/a><\/li>\n<li>Seguran\u00e7a \u2013\u00a0<a href=\"https:\/\/www.gasescombustiveis.com.br\/premioglp\/?p=6550\" rel=\"noopener\">ver premiados<\/a><\/li>\n<li>Meio Ambiente \u2013\u00a0\u00a0<a href=\"https:\/\/www.gasescombustiveis.com.br\/premioglp\/?p=6559\" rel=\"noopener\">ver premiados<\/a><\/li>\n<li>Transporte &#8211; <a href=\"https:\/\/www.gasescombustiveis.com.br\/premioglp\/?p=6567\" rel=\"noopener\">ver premiados<\/a><\/li>\n<li>Categoria Especial &#8211; <a href=\"https:\/\/www.gasescombustiveis.com.br\/premioglp\/?p=6573\" rel=\"noopener\">ver premiados<\/a><\/li>\n<\/ul>\n<h3>Para fazer o download dos cases premiados,\u00a0<a href=\"https:\/\/www.gasescombustiveis.com.br\/premioglp\/?page_id=6583\">clique aqui<\/a>.<\/h3>\n","protected":false},"excerpt":{"rendered":"<p>Aos participantes do\u00a0Premio GLP de Inova\u00e7\u00e3o e Tecnologia Edi\u00e7\u00e3o 2024, premiados ou n\u00e3o, os mais sinceros agradecimentos do Projeto GLP \u2013 Qualidade Compartilhada pela \u00a0disposi\u00e7\u00e3o de compartilhar as suas experi\u00eancias, colocando \u00e0 disposi\u00e7\u00e3o de toda a \u201cInd\u00fastria do GLP\u201d o fruto do seu trabalho. Contamos com a sua participa\u00e7\u00e3o na Edi\u00e7\u00e3o de 2025 cujo regulamento&hellip; <br \/> <a class=\"read-more\" href=\"https:\/\/www.gasescombustiveis.com.br\/premioglp\/?page_id=6484\">Leia mais<\/a><\/p>\n","protected":false},"author":1,"featured_media":0,"parent":0,"menu_order":0,"comment_status":"closed","ping_status":"closed","template":"","meta":{"footnotes":""},"class_list":["post-6484","page","type-page","status-publish","hentry"],"_links":{"self":[{"href":"https:\/\/www.gasescombustiveis.com.br\/premioglp\/index.php?rest_route=\/wp\/v2\/pages\/6484","targetHints":{"allow":["GET"]}}],"collection":[{"href":"https:\/\/www.gasescombustiveis.com.br\/premioglp\/index.php?rest_route=\/wp\/v2\/pages"}],"about":[{"href":"https:\/\/www.gasescombustiveis.com.br\/premioglp\/index.php?rest_route=\/wp\/v2\/types\/page"}],"author":[{"embeddable":true,"href":"https:\/\/www.gasescombustiveis.com.br\/premioglp\/index.php?rest_route=\/wp\/v2\/users\/1"}],"replies":[{"embeddable":true,"href":"https:\/\/www.gasescombustiveis.com.br\/premioglp\/index.php?rest_route=%2Fwp%2Fv2%2Fcomments&post=6484"}],"version-history":[{"count":8,"href":"https:\/\/www.gasescombustiveis.com.br\/premioglp\/index.php?rest_route=\/wp\/v2\/pages\/6484\/revisions"}],"predecessor-version":[{"id":7403,"href":"https:\/\/www.gasescombustiveis.com.br\/premioglp\/index.php?rest_route=\/wp\/v2\/pages\/6484\/revisions\/7403"}],"wp:attachment":[{"href":"https:\/\/www.gasescombustiveis.com.br\/premioglp\/index.php?rest_route=%2Fwp%2Fv2%2Fmedia&parent=6484"}],"curies":[{"name":"wp","href":"https:\/\/api.w.org\/{rel}","templated":true}]}}