{"id":5870,"date":"2023-02-23T12:07:39","date_gmt":"2023-02-23T15:07:39","guid":{"rendered":"https:\/\/www.gasescombustiveis.com.br\/premioglp\/?page_id=5870"},"modified":"2023-02-23T16:57:06","modified_gmt":"2023-02-23T19:57:06","slug":"download-cases-premiados-2022","status":"publish","type":"page","link":"https:\/\/www.gasescombustiveis.com.br\/premioglp\/?page_id=5870","title":{"rendered":"Download Cases Premiados 2022"},"content":{"rendered":"<p><strong>APLICA\u00c7\u00d5ES DO GLP<\/strong><\/p>\n<ul>\n<li>OURO\n<ul>\n<li><a style=\"background-color: transparent;\" href=\"https:\/\/www.gasescombustiveis.com.br\/premioglp\/wp-content\/uploads\/APLICACAO-DO-GLP-COMO-RECURSO-ENERGETICO-EM-RECICLADORAS-DE-RESIDUOS-ORGANICOS.pdf\">APLICA\u00c7\u00c3O DO GLP COMO RECURSO ENERG\u00c9TICO EM RECICLADORAS DE RES\u00cdDUOS ORGANICOS<\/a><\/li>\n<\/ul>\n<\/li>\n<\/ul>\n<ul>\n<li>PRATA\n<ul>\n<li><a style=\"background-color: transparent;\" href=\"https:\/\/www.gasescombustiveis.com.br\/premioglp\/wp-content\/uploads\/AMPLIACAO-DOS-USOS-DO-GLP.pdf\">AMPLIA\u00c7\u00c3O DOS USOS DO GLP<\/a><\/li>\n<\/ul>\n<\/li>\n<\/ul>\n<p>&nbsp;<\/p>\n<p><strong>GEST\u00c3O<\/strong><\/p>\n<ul>\n<li>OURO\n<ul>\n<li><a href=\"https:\/\/www.gasescombustiveis.com.br\/premioglp\/wp-content\/uploads\/MINIMIZACAO-DO-CUSTO-DE-COMERCIALIZACAO-DO-GLP.pdf\">MINIMIZA\u00c7\u00c3O DO CUSTO DE COMERCIALIZA\u00c7\u00c3O DO GLP<\/a><\/li>\n<\/ul>\n<\/li>\n<li>PRATA\n<ul>\n<li><a href=\"https:\/\/www.gasescombustiveis.com.br\/premioglp\/wp-content\/uploads\/GANHO-DE-MARKET-SHARE-ATRAVES-DA-PERFORMANCE-DO-PARQUE-REVENDEDOR-CASES-DA-DIGITALIZACAO-DA-CADEIA-DE-VALOR-DO-GLP.pdf\">GANHO DE MARKET-SHARE ATRAV\u00c9S DA PERFORMANCE DO PARQUE REVENDEDOR- CASES DA DIGITALIZA\u00c7\u00c3O DA CADEIA DE VALOR DO GLP<\/a><\/li>\n<li><a href=\"https:\/\/www.gasescombustiveis.com.br\/premioglp\/wp-content\/uploads\/TRANSFORMACAO-DIGITAL-DO-PARQUE-REVENDEDOR-DE-GLP.pdf\">TRANSFORMA\u00c7\u00c3O DIGITAL DO PARQUE REVENDEDOR DE GLP<\/a><\/li>\n<\/ul>\n<\/li>\n<li>BRONZE\n<ul>\n<li><a href=\"https:\/\/www.gasescombustiveis.com.br\/premioglp\/wp-content\/uploads\/TRANSFERENCIA-AUTOMATICA-DPS-DADOS-DO-TACOGRAFO-DIGITAL.pdf\">TRANSFER\u00caNCIA AUTOM\u00c1TICA DPS DADOS DO TAC\u00d3GRAFO DIGITAL<\/a><\/li>\n<li><a href=\"https:\/\/www.gasescombustiveis.com.br\/premioglp\/wp-content\/uploads\/EFICIENCIA-NA-GESTAO-DE-RECURSOS-NO-CONTROLE-DE-QUALIDADE.pdf\">EFICI\u00caNCIA NA GEST\u00c3O DE RECURSOS NO CONTROLE DE QUALIDADE<\/a><\/li>\n<\/ul>\n<\/li>\n<\/ul>\n<p>&nbsp;<\/p>\n<p><strong>PRODU\u00c7\u00c3O<\/strong><\/p>\n<ul>\n<li>OURO\n<ul>\n<li><a href=\"https:\/\/www.gasescombustiveis.com.br\/premioglp\/wp-content\/uploads\/IMPLANTACAO-DA-FILOSOFIA-LEAN-MANUFACTURING-NA-LINHA-DE-REQUALIFICACAO-DE-RECIPIENTES-TRANSPORTAVEIS-PARA-GLP.pdf\">IMPLANTA\u00c7\u00c3O DA FILOSOFIA LEAN MANUFACTURING NA LINHA DE REQUALIFICA\u00c7\u00c3O DE RECIPIENTES TRANSPORT\u00c1VEIS PARA GLP<\/a><\/li>\n<\/ul>\n<\/li>\n<li>PRATA\n<ul>\n<li><a href=\"https:\/\/www.gasescombustiveis.com.br\/premioglp\/wp-content\/uploads\/REGULADOR-DE-PRESSAO-MODELO-AP40-COM-ALIVIO-INCORPORADO.pdf\">REGULADOR DE PRESS\u00c3O MODELO AP40 COM AL\u00cdVIO INCORPORADO<\/a><\/li>\n<\/ul>\n<\/li>\n<li>BRONZE\n<ul>\n<li><a href=\"https:\/\/www.gasescombustiveis.com.br\/premioglp\/wp-content\/uploads\/VALVULAS-P-13-LEV.pdf\">V\u00c1LVULAS P-13 LEV<\/a><\/li>\n<li><a href=\"https:\/\/www.gasescombustiveis.com.br\/premioglp\/wp-content\/uploads\/TINTA-AZUL-METALICA-COM-MAIOR-PROTECAO-SUPERFICIAL.pdf\">TINTA AZUL MET\u00c1LICA COM MAIOR PROTE\u00c7\u00c3O SUPERFICIAL<\/a><\/li>\n<\/ul>\n<\/li>\n<\/ul>\n<p>&nbsp;<\/p>\n<p><strong>PROJETOS DE INSTALA\u00c7\u00d5ES<\/strong><\/p>\n<ul>\n<li>OURO\n<ul>\n<li><a href=\"https:\/\/www.gasescombustiveis.com.br\/premioglp\/wp-content\/uploads\/Guia-de-iniciacao-ao-dimensionamento-e-projeto-de-centrais-GLP-com-recipientes-transportaveis.pdf\">Guia de inicia\u00e7\u00e3o ao dimensionamento e projeto de centrais GLP com recipientes transport\u00e1veis<\/a><\/li>\n<\/ul>\n<\/li>\n<li>PRATA\n<ul>\n<li><a href=\"https:\/\/www.gasescombustiveis.com.br\/premioglp\/wp-content\/uploads\/Dispositivo-IoT-desenvolvido-com-baixo-custo-no-conceito-Open-Source-objetivando....pdf\">Dispositivo IoT desenvolvido com baixo custo no conceito Open Source objetivando&#8230;<\/a><\/li>\n<li><a href=\"https:\/\/www.gasescombustiveis.com.br\/premioglp\/wp-content\/uploads\/PROJETO-GLP-EM-REALIDADE-AUMENTADA.pdf\">PROJETO GLP EM REALIDADE AUMENTADA<\/a><\/li>\n<\/ul>\n<\/li>\n<li>BRONZE\n<ul>\n<li><a href=\"https:\/\/www.gasescombustiveis.com.br\/premioglp\/wp-content\/uploads\/KIT-DE-REGULAGEM-DE-PRESSAO-DE-1o-ESTAGIO-PARA-1000-KG-H-DE-GLP-COM-3-TRAMOS-DE-REGULAGEM.pdf\">KIT DE REGULAGEM DE PRESS\u00c3O DE 1\u00ba EST\u00c1GIO PARA 1000 KG-H DE GLP COM 3 TRAMOS DE REGULAGEM<\/a><\/li>\n<\/ul>\n<\/li>\n<\/ul>\n<p>&nbsp;<\/p>\n<p><strong>INFRAESTRUTURA<\/strong><\/p>\n<ul>\n<li>OURO\n<ul>\n<li><a href=\"https:\/\/www.gasescombustiveis.com.br\/premioglp\/wp-content\/uploads\/SONDA-DE-MEDICAO-ON-LINE-DE-NIVEL-VOLUME-TEMPERATURA-E-DENSIDADE-NO-INTERIOR-DO-TANQUE.pdf\">SONDA DE MEDI\u00c7\u00c3O ON LINE DE NIVEL VOLUME, TEMPERATURA E DENSIDADE NO INTERIOR DO TANQUE<\/a><\/li>\n<\/ul>\n<\/li>\n<li>PRATA\n<ul>\n<li><a href=\"https:\/\/www.gasescombustiveis.com.br\/premioglp\/wp-content\/uploads\/AUTOMACAO-DO-MODULO-DE-PINTURA-RECIPIENTES-INDUSTRIAIS.pdf\">AUTOMA\u00c7\u00c3O DO M\u00d3DULO DE PINTURA &#8211; RECIPIENTES INDUSTRIAIS<\/a><\/li>\n<li><a href=\"https:\/\/www.gasescombustiveis.com.br\/premioglp\/wp-content\/uploads\/UTILIZACAO-DE-FLEXIVEL-NO-CRC-PARA-INTERCAMBIALIDADE-DE-REGULADORES.pdf\">UTILIZA\u00c7\u00c3O DE FLEX\u00cdVEL NO CRC PARA INTERCAMBIALIDADE DE REGULADORES<\/a><\/li>\n<\/ul>\n<\/li>\n<li>BRONZE\n<ul>\n<li><a href=\"https:\/\/www.gasescombustiveis.com.br\/premioglp\/wp-content\/uploads\/CAIXA-TRASEIRA-EM-ACO-INOX-PARA-PROTECAO-DO-ESQUEMA-HIDRAULICO-PNEUMATICO...pdf\">CAIXA TRASEIRA EM A\u00c7O INOX, PARA PROTE\u00c7\u00c3O DO ESQUEMA HIDR\u00c1ULICO, PNEUM\u00c1TICO..<\/a><\/li>\n<li><a href=\"https:\/\/www.gasescombustiveis.com.br\/premioglp\/wp-content\/uploads\/CONSTRUCAO-DE-COXINS-E-PLACAS-DE-ABSORCAO-PARA-MONTAGEM-DE-AUTO-TANQUE-VASO-DE-PRESSAO-PARA-TRANSPORTE-GLP.pdf\">CONSTRU\u00c7\u00c3O DE COXINS E PLACAS DE ABSOR\u00c7\u00c3O PARA MONTAGEM DE AUTO TANQUE VASO DE PRESS\u00c3O PARA TRANSPORTE GLP<\/a><\/li>\n<\/ul>\n<\/li>\n<\/ul>\n<p>&nbsp;<\/p>\n<p><strong>LOG\u00cdSTICA<\/strong><\/p>\n<ul>\n<li>OURO\n<ul>\n<li><a href=\"https:\/\/www.gasescombustiveis.com.br\/premioglp\/wp-content\/uploads\/SKID-REGULAVEL-PARA-KIT-DE-GLP.pdf\">SKID REGUL\u00c1VEL PARA KIT DE GLP<\/a><\/li>\n<\/ul>\n<\/li>\n<li>PRATA\n<ul>\n<li><a href=\"https:\/\/www.gasescombustiveis.com.br\/premioglp\/wp-content\/uploads\/OTIMIZACAO-NO-TRANSPORTE-RODOVIARIO-\u2013-ABASTECIMENTO-VIA-FROTA-DEDICADA.pdf\">OTIMIZA\u00c7\u00c3O NO TRANSPORTE RODOVI\u00c1RIO \u2013 ABASTECIMENTO VIA FROTA DEDICADA<\/a><\/li>\n<\/ul>\n<\/li>\n<li>BRONZE\n<ul>\n<li><a href=\"https:\/\/www.gasescombustiveis.com.br\/premioglp\/wp-content\/uploads\/Otimizacao-do-transporte-de-GLP-Atraves-de-semi-reboque.pdf\">Otimiza\u00e7\u00e3o do transporte de GLP Atrav\u00e9s de semi-reboque<\/a><\/li>\n<\/ul>\n<\/li>\n<\/ul>\n<p>&nbsp;<\/p>\n<p><strong>SA\u00daDE<\/strong><\/p>\n<ul>\n<li>OURO\n<ul>\n<li><a href=\"https:\/\/www.gasescombustiveis.com.br\/premioglp\/wp-content\/uploads\/Automacao-do-sistema-de-empilhamento-para-blanks-de-botijoes-e-Cilindros.pdf\">Automa\u00e7\u00e3o do sistema de empilhamento para blanks de botij\u00f5es e Cilindros<\/a><\/li>\n<\/ul>\n<\/li>\n<li>PRATA\n<ul>\n<li><a href=\"https:\/\/www.gasescombustiveis.com.br\/premioglp\/wp-content\/uploads\/BOB-TAIL-COM-CAPELA-PORTAS-ROLL-UP.pdf\">BOB TAIL COM CAPELA PORTAS ROLL UP<\/a><\/li>\n<\/ul>\n<\/li>\n<\/ul>\n<p>&nbsp;<\/p>\n<p><strong>SEGURAN\u00c7A<\/strong><\/p>\n<ul>\n<li>OURO\n<ul>\n<li><a href=\"https:\/\/www.gasescombustiveis.com.br\/premioglp\/wp-content\/uploads\/ALIVIO-DA-PRESSAO-HIDROSTATICA-NA-MANGUEIRA-DO-BOBTAIL.pdf\">AL\u00cdVIO DA PRESS\u00c3O HIDROST\u00c1TICA NA MANGUEIRA DO BOBTAIL<\/a><\/li>\n<\/ul>\n<\/li>\n<li>PRATA\n<ul>\n<li><a href=\"https:\/\/www.gasescombustiveis.com.br\/premioglp\/wp-content\/uploads\/SISTEMA-DE-LIGACAO-DA-VALVULA-DE-FUNDO-COM-A-BOMBA-E-A-VALVULA-3-VIAS-E-LIGACAO-DA-CAMARA.pdf\">SISTEMA DE LIGA\u00c7\u00c3O DA V\u00c1LVULA DE FUNDO COM A BOMBA E A V\u00c1LVULA 3 VIAS, E LIGA\u00c7\u00c3O DA CAMARA<\/a><\/li>\n<li><a href=\"https:\/\/www.gasescombustiveis.com.br\/premioglp\/wp-content\/uploads\/Sensor-de-Nivel-E-DIAL-Digital-Rochester-com-Sistema-de-Intertravamento-da-Bomba-de-GLP.pdf\">Sensor-de-N\u00edvel-E-DIAL-Digital-Rochester-com-Sistema-de-Intertravamento-da-Bomba-de-GLP<\/a><\/li>\n<\/ul>\n<\/li>\n<li>BRONZE\n<ul>\n<li><a href=\"https:\/\/www.gasescombustiveis.com.br\/premioglp\/wp-content\/uploads\/SOQUETES-ANTIFAISCANTES-PARA-INSTALACAO-E-EXTRACAO-DAS-VALVULAS-DE-CONSUMO-DO-P-20-E-P-45.pdf\">SOQUETES ANTIFAISCANTES PARA INSTALA\u00c7\u00c3O E EXTRA\u00c7\u00c3O DAS V\u00c1LVULAS DE CONSUMO DO P-20 E P-45<\/a><\/li>\n<li><a href=\"https:\/\/www.gasescombustiveis.com.br\/premioglp\/wp-content\/uploads\/SIMULADOR-HIDRAULICO.pdf\">SIMULADOR HIDR\u00c1ULICO<\/a><\/li>\n<\/ul>\n<\/li>\n<\/ul>\n<p>&nbsp;<\/p>\n<p><strong>MEIO AMBIENTE<\/strong><\/p>\n<ul>\n<li>OURO\n<ul>\n<li><a href=\"https:\/\/www.gasescombustiveis.com.br\/premioglp\/wp-content\/uploads\/Caminhao-eletrico-e-Delivery-para-transporte-de-GLP-a-granel.pdf\">Caminha\u0303o el\u00e9trico e-Delivery para transporte de GLP a granel<\/a><\/li>\n<\/ul>\n<\/li>\n<li>PRATA\n<ul>\n<li><a href=\"https:\/\/www.gasescombustiveis.com.br\/premioglp\/wp-content\/uploads\/PROGRAMA-ATERRO-ZERO.pdf\">PROGRAMA ATERRO ZERO<\/a><\/li>\n<\/ul>\n<\/li>\n<li>BRONZE\n<ul>\n<li><a href=\"https:\/\/www.gasescombustiveis.com.br\/premioglp\/wp-content\/uploads\/CAPTACAO-DE-AGUA-DA-CHUVA-PARA-UTILIZACAO-EM-PROCESSO-DE-OFICINA-DE-REQUALIFICACAO.pdf\">CAPTA\u00c7\u00c3O DE \u00c1GUA DA CHUVA PARA UTILIZA\u00c7\u00c3O EM PROCESSO DE OFICINA DE REQUALIFICA\u00c7\u00c3O<\/a><\/li>\n<\/ul>\n<\/li>\n<\/ul>\n<p>&nbsp;<\/p>\n","protected":false},"excerpt":{"rendered":"<p>APLICA\u00c7\u00d5ES DO GLP OURO APLICA\u00c7\u00c3O DO GLP COMO RECURSO ENERG\u00c9TICO EM RECICLADORAS DE RES\u00cdDUOS ORGANICOS PRATA AMPLIA\u00c7\u00c3O DOS USOS DO GLP &nbsp; GEST\u00c3O OURO MINIMIZA\u00c7\u00c3O DO CUSTO DE COMERCIALIZA\u00c7\u00c3O DO GLP PRATA GANHO DE MARKET-SHARE ATRAV\u00c9S DA PERFORMANCE DO PARQUE REVENDEDOR- CASES DA DIGITALIZA\u00c7\u00c3O DA CADEIA DE VALOR DO GLP TRANSFORMA\u00c7\u00c3O DIGITAL DO PARQUE REVENDEDOR&hellip; <br \/> <a class=\"read-more\" href=\"https:\/\/www.gasescombustiveis.com.br\/premioglp\/?page_id=5870\">Leia mais<\/a><\/p>\n","protected":false},"author":1,"featured_media":0,"parent":0,"menu_order":0,"comment_status":"closed","ping_status":"closed","template":"","meta":{"footnotes":""},"class_list":["post-5870","page","type-page","status-publish","hentry"],"_links":{"self":[{"href":"https:\/\/www.gasescombustiveis.com.br\/premioglp\/index.php?rest_route=\/wp\/v2\/pages\/5870","targetHints":{"allow":["GET"]}}],"collection":[{"href":"https:\/\/www.gasescombustiveis.com.br\/premioglp\/index.php?rest_route=\/wp\/v2\/pages"}],"about":[{"href":"https:\/\/www.gasescombustiveis.com.br\/premioglp\/index.php?rest_route=\/wp\/v2\/types\/page"}],"author":[{"embeddable":true,"href":"https:\/\/www.gasescombustiveis.com.br\/premioglp\/index.php?rest_route=\/wp\/v2\/users\/1"}],"replies":[{"embeddable":true,"href":"https:\/\/www.gasescombustiveis.com.br\/premioglp\/index.php?rest_route=%2Fwp%2Fv2%2Fcomments&post=5870"}],"version-history":[{"count":5,"href":"https:\/\/www.gasescombustiveis.com.br\/premioglp\/index.php?rest_route=\/wp\/v2\/pages\/5870\/revisions"}],"predecessor-version":[{"id":5911,"href":"https:\/\/www.gasescombustiveis.com.br\/premioglp\/index.php?rest_route=\/wp\/v2\/pages\/5870\/revisions\/5911"}],"wp:attachment":[{"href":"https:\/\/www.gasescombustiveis.com.br\/premioglp\/index.php?rest_route=%2Fwp%2Fv2%2Fmedia&parent=5870"}],"curies":[{"name":"wp","href":"https:\/\/api.w.org\/{rel}","templated":true}]}}